{"id":961,"date":"2022-11-15T10:07:46","date_gmt":"2022-11-15T09:07:46","guid":{"rendered":"https:\/\/staging.markenstellwerk.at\/cockpit-consulting\/?page_id=961"},"modified":"2023-12-29T13:17:06","modified_gmt":"2023-12-29T12:17:06","slug":"impressum","status":"publish","type":"page","link":"https:\/\/cockpit-consulting.at\/en\/impressum\/","title":{"rendered":"Imprint"},"content":{"rendered":"<div data-elementor-type=\"wp-page\" data-elementor-id=\"961\" class=\"elementor elementor-961\" data-elementor-post-type=\"page\">\n\t\t\t\t\t\t<section class=\"elementor-section elementor-top-section elementor-element elementor-element-40ea661f elementor-section-full_width elementor-section-height-default elementor-section-height-default\" data-id=\"40ea661f\" data-element_type=\"section\" data-e-type=\"section\">\n\t\t\t\t\t\t<div class=\"elementor-container elementor-column-gap-default\">\n\t\t\t\t\t<div class=\"elementor-column elementor-col-100 elementor-top-column elementor-element elementor-element-41b1efa4\" data-id=\"41b1efa4\" data-element_type=\"column\" data-e-type=\"column\">\n\t\t\t<div class=\"elementor-widget-wrap elementor-element-populated\">\n\t\t\t\t\t\t<div class=\"elementor-element elementor-element-5427e1c0 elementor-widget elementor-widget-jet-breadcrumbs\" data-id=\"5427e1c0\" data-element_type=\"widget\" data-e-type=\"widget\" data-widget_type=\"jet-breadcrumbs.default\">\n\t\t\t\t<div class=\"elementor-widget-container\">\n\t\t\t\t\t<div class=\"elementor-jet-breadcrumbs jet-blocks\">\n\t\t<div class=\"jet-breadcrumbs\">\n\t\t<div class=\"jet-breadcrumbs__content\">\n\t\t<div class=\"jet-breadcrumbs__wrap\"><div class=\"jet-breadcrumbs__item\"><a href=\"https:\/\/cockpit-consulting.at\/en\/\" class=\"jet-breadcrumbs__item-link is-home\" rel=\"home\" title=\"Home\">Home<\/a><\/div>\n\t\t<\/div>\n\t\t<\/div>\n\t\t<\/div><\/div>\t\t\t\t<\/div>\n\t\t\t\t<\/div>\n\t\t\t\t<div class=\"elementor-element elementor-element-483e563e elementor-widget-divider--view-line elementor-widget elementor-widget-divider\" data-id=\"483e563e\" data-element_type=\"widget\" data-e-type=\"widget\" data-widget_type=\"divider.default\">\n\t\t\t\t<div class=\"elementor-widget-container\">\n\t\t\t\t\t\t\t<div class=\"elementor-divider\">\n\t\t\t<span class=\"elementor-divider-separator\">\n\t\t\t\t\t\t<\/span>\n\t\t<\/div>\n\t\t\t\t\t\t<\/div>\n\t\t\t\t<\/div>\n\t\t\t\t\t<\/div>\n\t\t<\/div>\n\t\t\t\t\t<\/div>\n\t\t<\/section>\n\t\t\t\t<section class=\"elementor-section elementor-top-section elementor-element elementor-element-2533bc25 elementor-section-full_width elementor-section-height-default elementor-section-height-default\" data-id=\"2533bc25\" data-element_type=\"section\" data-e-type=\"section\" id=\"topsection\">\n\t\t\t\t\t\t<div class=\"elementor-container elementor-column-gap-default\">\n\t\t\t\t\t<div class=\"elementor-column elementor-col-100 elementor-top-column elementor-element elementor-element-997971e\" data-id=\"997971e\" data-element_type=\"column\" data-e-type=\"column\" data-settings=\"{&quot;background_background&quot;:&quot;classic&quot;}\">\n\t\t\t<div class=\"elementor-widget-wrap elementor-element-populated\">\n\t\t\t\t\t\t<div class=\"elementor-element elementor-element-1bffc056 elementor-widget elementor-widget-heading\" data-id=\"1bffc056\" data-element_type=\"widget\" data-e-type=\"widget\" data-widget_type=\"heading.default\">\n\t\t\t\t<div class=\"elementor-widget-container\">\n\t\t\t\t\t<h1 class=\"elementor-heading-title elementor-size-default\">Imprint<\/h1>\t\t\t\t<\/div>\n\t\t\t\t<\/div>\n\t\t\t\t\t<\/div>\n\t\t<\/div>\n\t\t\t\t\t<\/div>\n\t\t<\/section>\n\t\t\t\t<section class=\"elementor-section elementor-top-section elementor-element elementor-element-52763ca9 elementor-section-full_width elementor-section-height-default elementor-section-height-default\" data-id=\"52763ca9\" data-element_type=\"section\" data-e-type=\"section\">\n\t\t\t\t\t\t<div class=\"elementor-container elementor-column-gap-default\">\n\t\t\t\t\t<div class=\"elementor-column elementor-col-50 elementor-top-column elementor-element elementor-element-404a5a6e\" data-id=\"404a5a6e\" data-element_type=\"column\" data-e-type=\"column\" data-settings=\"{&quot;background_background&quot;:&quot;classic&quot;}\">\n\t\t\t<div class=\"elementor-widget-wrap elementor-element-populated\">\n\t\t\t\t\t\t<div class=\"elementor-element elementor-element-29e75448 elementor-widget elementor-widget-heading\" data-id=\"29e75448\" data-element_type=\"widget\" data-e-type=\"widget\" data-widget_type=\"heading.default\">\n\t\t\t\t<div class=\"elementor-widget-container\">\n\t\t\t\t\t<h2 class=\"elementor-heading-title elementor-size-default\">Contact<\/h2>\t\t\t\t<\/div>\n\t\t\t\t<\/div>\n\t\t\t\t<div class=\"elementor-element elementor-element-7c836366 elementor-widget elementor-widget-text-editor\" data-id=\"7c836366\" data-element_type=\"widget\" data-e-type=\"widget\" data-widget_type=\"text-editor.default\">\n\t\t\t\t<div class=\"elementor-widget-container\">\n\t\t\t\t\t\t\t\t\t<p>COCKPIT-CONSULTING<br \/>Mag. Michael Ruzicka<br \/>Management and Organizational Consulting<\/p><p>Keuschen 91<br \/>5310 Mondsee<br \/>Austria<br \/>Phone +43 (0)650 2003916<\/p><p><a href=\"mailto:office@cockpit-consulting.at\">office@cockpit-consulting.at<\/a><br \/>www.cockpit-consulting.at<\/p>\t\t\t\t\t\t\t\t<\/div>\n\t\t\t\t<\/div>\n\t\t\t\t<div class=\"elementor-element elementor-element-2684ffdb elementor-widget-divider--view-line elementor-widget elementor-widget-divider\" data-id=\"2684ffdb\" data-element_type=\"widget\" data-e-type=\"widget\" data-widget_type=\"divider.default\">\n\t\t\t\t<div class=\"elementor-widget-container\">\n\t\t\t\t\t\t\t<div class=\"elementor-divider\">\n\t\t\t<span class=\"elementor-divider-separator\">\n\t\t\t\t\t\t<\/span>\n\t\t<\/div>\n\t\t\t\t\t\t<\/div>\n\t\t\t\t<\/div>\n\t\t\t\t<div class=\"elementor-element elementor-element-1efecba1 elementor-widget elementor-widget-heading\" data-id=\"1efecba1\" data-element_type=\"widget\" data-e-type=\"widget\" data-widget_type=\"heading.default\">\n\t\t\t\t<div class=\"elementor-widget-container\">\n\t\t\t\t\t<div class=\"elementor-heading-title elementor-size-default\">Concept, Design <br>and Implementation<\/div>\t\t\t\t<\/div>\n\t\t\t\t<\/div>\n\t\t\t\t<div class=\"elementor-element elementor-element-14fd0e6f elementor-widget elementor-widget-text-editor\" data-id=\"14fd0e6f\" data-element_type=\"widget\" data-e-type=\"widget\" data-widget_type=\"text-editor.default\">\n\t\t\t\t<div class=\"elementor-widget-container\">\n\t\t\t\t\t\t\t\t\t<p><a href=\"https:\/\/markenstellwerk.at\/\" target=\"_blank\" rel=\"noopener\">www.markenstellwerk.at<\/a><\/p>\t\t\t\t\t\t\t\t<\/div>\n\t\t\t\t<\/div>\n\t\t\t\t<div class=\"elementor-element elementor-element-64cde0b8 elementor-widget-divider--view-line elementor-widget elementor-widget-divider\" data-id=\"64cde0b8\" data-element_type=\"widget\" data-e-type=\"widget\" data-widget_type=\"divider.default\">\n\t\t\t\t<div class=\"elementor-widget-container\">\n\t\t\t\t\t\t\t<div class=\"elementor-divider\">\n\t\t\t<span class=\"elementor-divider-separator\">\n\t\t\t\t\t\t<\/span>\n\t\t<\/div>\n\t\t\t\t\t\t<\/div>\n\t\t\t\t<\/div>\n\t\t\t\t<div class=\"elementor-element elementor-element-5964b242 elementor-widget elementor-widget-heading\" data-id=\"5964b242\" data-element_type=\"widget\" data-e-type=\"widget\" data-widget_type=\"heading.default\">\n\t\t\t\t<div class=\"elementor-widget-container\">\n\t\t\t\t\t<div class=\"elementor-heading-title elementor-size-default\">Image sources<\/div>\t\t\t\t<\/div>\n\t\t\t\t<\/div>\n\t\t\t\t<div class=\"elementor-element elementor-element-540b9433 elementor-widget elementor-widget-text-editor\" data-id=\"540b9433\" data-element_type=\"widget\" data-e-type=\"widget\" data-widget_type=\"text-editor.default\">\n\t\t\t\t<div class=\"elementor-widget-container\">\n\t\t\t\t\t\t\t\t\t<p>Adobe Stock<\/p><p>MARKENSTELLWERK<\/p>\t\t\t\t\t\t\t\t<\/div>\n\t\t\t\t<\/div>\n\t\t\t\t\t<\/div>\n\t\t<\/div>\n\t\t\t\t<div class=\"elementor-column elementor-col-50 elementor-top-column elementor-element elementor-element-57ba042d\" data-id=\"57ba042d\" data-element_type=\"column\" data-e-type=\"column\">\n\t\t\t<div class=\"elementor-widget-wrap elementor-element-populated\">\n\t\t\t\t\t\t<div class=\"elementor-element elementor-element-97b8036 elementor-widget elementor-widget-heading\" data-id=\"97b8036\" data-element_type=\"widget\" data-e-type=\"widget\" data-widget_type=\"heading.default\">\n\t\t\t\t<div class=\"elementor-widget-container\">\n\t\t\t\t\t<div class=\"elementor-heading-title elementor-size-default\">Content of the online offer<\/div>\t\t\t\t<\/div>\n\t\t\t\t<\/div>\n\t\t\t\t<div class=\"elementor-element elementor-element-64a08e89 elementor-widget elementor-widget-text-editor\" data-id=\"64a08e89\" data-element_type=\"widget\" data-e-type=\"widget\" data-widget_type=\"text-editor.default\">\n\t\t\t\t<div class=\"elementor-widget-container\">\n\t\t\t\t\t\t\t\t\t<p>The operator of this website assumes no liability for the timeliness, correctness, completeness, or quality of the provided information. Claims for damages of a material or immaterial nature caused by the use or non-use of the presented information or by the use of incorrect or incomplete information are generally excluded, unless there is proven intentional or grossly negligent fault on the part of the operator.<\/p>\t\t\t\t\t\t\t\t<\/div>\n\t\t\t\t<\/div>\n\t\t\t\t<div class=\"elementor-element elementor-element-5accc605 elementor-widget elementor-widget-heading\" data-id=\"5accc605\" data-element_type=\"widget\" data-e-type=\"widget\" data-widget_type=\"heading.default\">\n\t\t\t\t<div class=\"elementor-widget-container\">\n\t\t\t\t\t<div class=\"elementor-heading-title elementor-size-default\">References and Links<\/div>\t\t\t\t<\/div>\n\t\t\t\t<\/div>\n\t\t\t\t<div class=\"elementor-element elementor-element-7510353f elementor-widget elementor-widget-text-editor\" data-id=\"7510353f\" data-element_type=\"widget\" data-e-type=\"widget\" data-widget_type=\"text-editor.default\">\n\t\t\t\t<div class=\"elementor-widget-container\">\n\t\t\t\t\t\t\t\t\t<p>In the case of direct or indirect references to external websites (\"hyperlinks\") that are beyond the responsibility of the operator, liability would only come into effect if the operator is aware of the content and if it were technically possible and reasonable for them to prevent the use in the event of unlawful content. The operator hereby expressly declares that at the time of linking, no illegal content was discernible on the linked pages. The operator has no influence on the current and future design, content, or authorship of the linked pages. Therefore, the operator expressly distances themselves from all content of all linked pages that were changed after the link was set. This statement applies to all links and references placed within the operator's own internet offering, as well as to external entries in all social media forums established by the operator (e.g., Linkedin, Xing), guest books, blogs, discussion forums, link directories, mailing lists, and all other forms of databases where external write access is possible. The provider of the page to which reference is made is solely liable for illegal, incorrect, or incomplete content and, in particular, for damages arising from the use or non-use of such information presented, and not the one who merely refers to the respective publication via links.<\/p>\t\t\t\t\t\t\t\t<\/div>\n\t\t\t\t<\/div>\n\t\t\t\t<div class=\"elementor-element elementor-element-ecaee06 elementor-widget elementor-widget-heading\" data-id=\"ecaee06\" data-element_type=\"widget\" data-e-type=\"widget\" data-widget_type=\"heading.default\">\n\t\t\t\t<div class=\"elementor-widget-container\">\n\t\t\t\t\t<div class=\"elementor-heading-title elementor-size-default\">Disclaimer<\/div>\t\t\t\t<\/div>\n\t\t\t\t<\/div>\n\t\t\t\t<div class=\"elementor-element elementor-element-6a9da892 elementor-widget elementor-widget-text-editor\" data-id=\"6a9da892\" data-element_type=\"widget\" data-e-type=\"widget\" data-widget_type=\"text-editor.default\">\n\t\t\t\t<div class=\"elementor-widget-container\">\n\t\t\t\t\t\t\t\t\t<p>This disclaimer is to be considered as part of the internet offering from which reference was made to this page. If parts or individual formulations of this text do not, no longer, or not completely correspond to the current legal situation, the remaining parts of the document remain unaffected in their content and validity.<\/p>\t\t\t\t\t\t\t\t<\/div>\n\t\t\t\t<\/div>\n\t\t\t\t<div class=\"elementor-element elementor-element-62f0aa82 elementor-widget elementor-widget-heading\" data-id=\"62f0aa82\" data-element_type=\"widget\" data-e-type=\"widget\" data-widget_type=\"heading.default\">\n\t\t\t\t<div class=\"elementor-widget-container\">\n\t\t\t\t\t<div class=\"elementor-heading-title elementor-size-default\">Copyright and Trademark Notice<\/div>\t\t\t\t<\/div>\n\t\t\t\t<\/div>\n\t\t\t\t<div class=\"elementor-element elementor-element-31a902e3 elementor-widget elementor-widget-text-editor\" data-id=\"31a902e3\" data-element_type=\"widget\" data-e-type=\"widget\" data-widget_type=\"text-editor.default\">\n\t\t\t\t<div class=\"elementor-widget-container\">\n\t\t\t\t\t\t\t\t\t<p>The entire content of this website is the property of \"COCKPIT-CONSULTING,\" Mag. Michael Ruzicka. The operator strives to respect the copyrights of the graphics, audio documents, video sequences, and texts used in all publications, either by using self-created graphics, audio documents, video sequences, and texts or by accessing license-free graphics, audio documents, video sequences, and texts. All trademarks and trade names mentioned within the Internet offering and, if applicable, protected by third parties are subject without restriction to the provisions of the respectively valid trademark law and the ownership rights of the respective registered owners. The mere mention does not imply that trademarks are not protected by the rights of third parties! The copyright for published objects created by the operator remains solely with the operator. Reproduction or use of such graphics, audio documents, video sequences, and texts in other electronic or printed publications is not permitted without the express consent of the operator.<\/p>\t\t\t\t\t\t\t\t<\/div>\n\t\t\t\t<\/div>\n\t\t\t\t<div class=\"elementor-element elementor-element-7cb539f5 elementor-widget elementor-widget-heading\" data-id=\"7cb539f5\" data-element_type=\"widget\" data-e-type=\"widget\" data-widget_type=\"heading.default\">\n\t\t\t\t<div class=\"elementor-widget-container\">\n\t\t\t\t\t<div class=\"elementor-heading-title elementor-size-default\">Usage Rights<\/div>\t\t\t\t<\/div>\n\t\t\t\t<\/div>\n\t\t\t\t<div class=\"elementor-element elementor-element-75ff2887 elementor-widget elementor-widget-text-editor\" data-id=\"75ff2887\" data-element_type=\"widget\" data-e-type=\"widget\" data-widget_type=\"text-editor.default\">\n\t\t\t\t<div class=\"elementor-widget-container\">\n\t\t\t\t\t\t\t\t\t<p>Images, logos, graphics, and texts on this website, as well as all other appearances of the operator, are the property of \"COCKPIT-CONSULTING,\" Mag. Michael Ruzicka, or third parties. Any use or further utilization by third parties, and the transfer to other media, requires the written consent of \"COCKPIT-CONSULTING,\" Mag. Michael Ruzicka without exception.<\/p>\t\t\t\t\t\t\t\t<\/div>\n\t\t\t\t<\/div>\n\t\t\t\t\t<\/div>\n\t\t<\/div>\n\t\t\t\t\t<\/div>\n\t\t<\/section>\n\t\t\t\t<\/div>","protected":false},"excerpt":{"rendered":"<p>Home Impressum Kontakt COCKPIT-CONSULTINGMag. Michael RuzickaManagement- und Organisationsberatung Keuschen 915310 Mondsee\u00d6sterreichTelefon +43 (0)650 2003916 office@cockpit-consulting.atwww.cockpit-consulting.at Konzeption, Design und Umsetzung www.markenstellwerk.at Bildquellen Adobe Stock MARKENSTELLWERK Inhalt des Onlineangebotes Der Betreiber dieser Webseite \u00fcbernimmt keinerlei Gew\u00e4hr f\u00fcr die Aktualit\u00e4t, Korrektheit, Vollst\u00e4ndigkeit oder Qualit\u00e4t der bereitgestellten Informationen. Haftungsanspr\u00fcche gegen die Betreiberin, welche sich auf Sch\u00e4den materieller oder immaterieller [&hellip;]<\/p>\n","protected":false},"author":1,"featured_media":0,"parent":0,"menu_order":0,"comment_status":"closed","ping_status":"closed","template":"","meta":{"_acf_changed":false,"footnotes":""},"class_list":["post-961","page","type-page","status-publish","hentry"],"acf":[],"_links":{"self":[{"href":"https:\/\/cockpit-consulting.at\/en\/wp-json\/wp\/v2\/pages\/961","targetHints":{"allow":["GET"]}}],"collection":[{"href":"https:\/\/cockpit-consulting.at\/en\/wp-json\/wp\/v2\/pages"}],"about":[{"href":"https:\/\/cockpit-consulting.at\/en\/wp-json\/wp\/v2\/types\/page"}],"author":[{"embeddable":true,"href":"https:\/\/cockpit-consulting.at\/en\/wp-json\/wp\/v2\/users\/1"}],"replies":[{"embeddable":true,"href":"https:\/\/cockpit-consulting.at\/en\/wp-json\/wp\/v2\/comments?post=961"}],"version-history":[{"count":10,"href":"https:\/\/cockpit-consulting.at\/en\/wp-json\/wp\/v2\/pages\/961\/revisions"}],"predecessor-version":[{"id":5498,"href":"https:\/\/cockpit-consulting.at\/en\/wp-json\/wp\/v2\/pages\/961\/revisions\/5498"}],"wp:attachment":[{"href":"https:\/\/cockpit-consulting.at\/en\/wp-json\/wp\/v2\/media?parent=961"}],"curies":[{"name":"wp","href":"https:\/\/api.w.org\/{rel}","templated":true}]}}